{"id":22,"date":"2020-03-05T02:43:34","date_gmt":"2020-03-05T02:43:34","guid":{"rendered":"https:\/\/arcdeco-demo.bslthemes.com\/?page_id=22"},"modified":"2020-10-12T15:28:45","modified_gmt":"2020-10-12T15:28:45","slug":"home","status":"publish","type":"page","link":"https:\/\/www.rezidenciamlyn.sk\/","title":{"rendered":"Rezidencia mlyn"},"content":{"rendered":"\t\t<div data-elementor-type=\"wp-page\" data-elementor-id=\"22\" class=\"elementor elementor-22\" data-elementor-settings=\"[]\">\n\t\t\t\t\t\t<div class=\"elementor-inner\">\n\t\t\t\t\t\t\t<div class=\"elementor-section-wrap\">\n\t\t\t\t\t\t\t<section class=\"elementor-section elementor-top-section elementor-element elementor-element-769c458 elementor-section-full_width elementor-section-height-default elementor-section-height-default\" data-id=\"769c458\" data-element_type=\"section\">\n\t\t\t\t\t\t<div class=\"elementor-container elementor-column-gap-no\">\n\t\t\t\t\t\t\t<div class=\"elementor-row\">\n\t\t\t\t\t<div class=\"elementor-column elementor-col-100 elementor-top-column elementor-element elementor-element-2402856\" data-id=\"2402856\" data-element_type=\"column\">\n\t\t\t<div class=\"elementor-column-wrap elementor-element-populated\">\n\t\t\t\t\t\t\t<div class=\"elementor-widget-wrap\">\n\t\t\t\t\t\t<div class=\"elementor-element elementor-element-aa791df elementor-widget elementor-widget-arcdeco-hero\" data-id=\"aa791df\" data-element_type=\"widget\" data-widget_type=\"arcdeco-hero.default\">\n\t\t\t\t<div class=\"elementor-widget-container\">\n\t\t\t\t\t<!-- Intro -->\n        <header class=\"hero hero-intro overlay--45\">\n\t\t    \t\t    <div class=\"hero__header\">\n\t\t\t    <h1 class=\"title title--display-1 js-lines\">\n\t\t\t    \t<span >Luxusn\u00e1<br>elegancia.<\/span>\n\t\t\t    <\/h1>\n\t\t\t<\/div>\n\t\t\t\t\t\t\n\t\t\t\t\t\t<div class=\"note\">\n\t\t\t    <div class=\"note__item js-scroll-show\">\n\t\t\t    \t                    <h4 class=\"title title--display-1\">\n                    \t<span >Rezidencia Mlyn - Partiz\u00e1nske<\/span>\n                    <\/h4>\n                \t                \t                    <p class=\"description\">\n                    \t<span >Luxusn\u00e1 rezidencia na predaj. <\/span>\n                    <\/p>\n                                    <\/div>\n\t\t\t<\/div>\n\t\t\t\t\t\t\n\t\t\t\t\t\t\n\t\t\t                        <!-- Main image -->\n            <img class=\"hero__image cover js-scale js-parallax\" src=\"https:\/\/www.rezidenciamlyn.sk\/wp-content\/uploads\/2020\/09\/20200527_144526.jpg\" alt=\"Luxusn\u00e1&lt;br&gt;elegancia.\" \/>\n            \t\t<\/header>\n\t\t\t\t<\/div>\n\t\t\t\t<\/div>\n\t\t\t\t<section class=\"elementor-section elementor-inner-section elementor-element elementor-element-1409da9 elementor-section-boxed elementor-section-height-default elementor-section-height-default\" data-id=\"1409da9\" data-element_type=\"section\">\n\t\t\t\t\t\t<div class=\"elementor-container elementor-column-gap-no\">\n\t\t\t\t\t\t\t<div class=\"elementor-row\">\n\t\t\t\t\t<div class=\"elementor-column elementor-col-100 elementor-inner-column elementor-element elementor-element-4025bb2\" data-id=\"4025bb2\" data-element_type=\"column\">\n\t\t\t<div class=\"elementor-column-wrap elementor-element-populated\">\n\t\t\t\t\t\t\t<div class=\"elementor-widget-wrap\">\n\t\t\t\t\t\t<div class=\"elementor-element elementor-element-397dda9 elementor-widget elementor-widget-heading\" data-id=\"397dda9\" data-element_type=\"widget\" data-widget_type=\"heading.default\">\n\t\t\t\t<div class=\"elementor-widget-container\">\n\t\t\t<h2 class=\"elementor-heading-title elementor-size-default\">Cena:   460.000,-\u20ac<\/h2>\t\t<\/div>\n\t\t\t\t<\/div>\n\t\t\t\t<div class=\"elementor-element elementor-element-08b1d02 elementor-align-left elementor-widget elementor-widget-arcdeco-about-headings\" data-id=\"08b1d02\" data-element_type=\"widget\" data-widget_type=\"arcdeco-about-headings.default\">\n\t\t\t\t<div class=\"elementor-widget-container\">\n\t\t\t\n        <!-- Heading -->\n\t\t<div class=\"container section-about\">\n\t\t\t\t\t    <span class=\"text-rotate\">\n\t\t    \t<span >REZIDENCIA MLYN<\/span>\n\t\t    <\/span>\n\t\t\t\t\t\t<div class=\"row\">\n\t\t\t\t<div class=\"col-12\">\n\t\t\t    \t\t\t\t\t    <h2 class=\"title title--h2 js-lines\">\n\t\t\t\t    \t<span >Poku\u0161enie \u017eivota v luxuse je re\u00e1lne. Nechceme ho odklada\u0165 na \u017eivot po smrti. Radi by sme ho za\u017eili u\u017e tu.<\/span>\n\t\t\t\t    <\/h2>\n\t\t\t\t    \t\t\t\t    \t\t\t\t    <div class=\"description description-column js-scroll-show\">\n\t\t\t\t\t    <div ><p>Luxusn\u00fd dom pre toho najn\u00e1ro\u010dnej\u0161ieho z\u00e1kazn\u00edka. V\u0161etky materi\u00e1ly pou\u017eit\u00e9 pri prer\u00e1bke tohoto luxusn\u00e9ho domu boli pe\u010dlivo vyberan\u00e9 z tych najkvalitnej\u0161\u00edch. \u00a0<\/p><\/div>\n\t\t\t\t    <\/div>\n\t\t\t\t    \t\t\t\t<\/div>\n\t\t\t<\/div>\n\t\t<\/div>\n\t\t\t\t<\/div>\n\t\t\t\t<\/div>\n\t\t\t\t\t\t<\/div>\n\t\t\t\t\t<\/div>\n\t\t<\/div>\n\t\t\t\t\t\t\t\t<\/div>\n\t\t\t\t\t<\/div>\n\t\t<\/section>\n\t\t\t\t\t\t<\/div>\n\t\t\t\t\t<\/div>\n\t\t<\/div>\n\t\t\t\t\t\t\t\t<\/div>\n\t\t\t\t\t<\/div>\n\t\t<\/section>\n\t\t\t\t<section class=\"elementor-section elementor-top-section elementor-element elementor-element-7360b5f elementor-section-boxed elementor-section-height-default elementor-section-height-default\" data-id=\"7360b5f\" data-element_type=\"section\">\n\t\t\t\t\t\t<div class=\"elementor-container elementor-column-gap-no\">\n\t\t\t\t\t\t\t<div class=\"elementor-row\">\n\t\t\t\t\t<div class=\"elementor-column elementor-col-100 elementor-top-column elementor-element elementor-element-c930410\" data-id=\"c930410\" data-element_type=\"column\">\n\t\t\t<div class=\"elementor-column-wrap elementor-element-populated\">\n\t\t\t\t\t\t\t<div class=\"elementor-widget-wrap\">\n\t\t\t\t\t\t<section class=\"elementor-section elementor-inner-section elementor-element elementor-element-a4879ff elementor-section-boxed elementor-section-height-default elementor-section-height-default\" data-id=\"a4879ff\" data-element_type=\"section\">\n\t\t\t\t\t\t<div class=\"elementor-container elementor-column-gap-no\">\n\t\t\t\t\t\t\t<div class=\"elementor-row\">\n\t\t\t\t\t<div class=\"elementor-column elementor-col-50 elementor-inner-column elementor-element elementor-element-2379136\" data-id=\"2379136\" data-element_type=\"column\">\n\t\t\t<div class=\"elementor-column-wrap elementor-element-populated\">\n\t\t\t\t\t\t\t<div class=\"elementor-widget-wrap\">\n\t\t\t\t\t\t<div class=\"elementor-element elementor-element-e72502c elementor-widget elementor-widget-arcdeco-gallery-image\" data-id=\"e72502c\" data-element_type=\"widget\" data-widget_type=\"arcdeco-gallery-image.default\">\n\t\t\t\t<div class=\"elementor-widget-container\">\n\t\t\t\n\n        <!-- Gallery Item -->\n\t\t<div class=\"gallery__item reveal-box\">\n\t\t    <img class=\"cover lazyload zoom-cursor\" src=\"https:\/\/www.rezidenciamlyn.sk\/wp-content\/uploads\/2020\/09\/20200527_150056.jpg\" data-zoomable alt=\"Image\" \/>\n\t\t    <span class=\"reveal-overlay\"><\/span>\n\t    <\/div>\n\n\t\t\t\t<\/div>\n\t\t\t\t<\/div>\n\t\t\t\t\t\t<\/div>\n\t\t\t\t\t<\/div>\n\t\t<\/div>\n\t\t\t\t<div class=\"elementor-column elementor-col-50 elementor-inner-column elementor-element elementor-element-cf85dc9\" data-id=\"cf85dc9\" data-element_type=\"column\">\n\t\t\t<div class=\"elementor-column-wrap elementor-element-populated\">\n\t\t\t\t\t\t\t<div class=\"elementor-widget-wrap\">\n\t\t\t\t\t\t<div class=\"elementor-element elementor-element-423a29f elementor-widget elementor-widget-arcdeco-gallery-image\" data-id=\"423a29f\" data-element_type=\"widget\" data-widget_type=\"arcdeco-gallery-image.default\">\n\t\t\t\t<div class=\"elementor-widget-container\">\n\t\t\t\n\n        <!-- Gallery Item -->\n\t\t<div class=\"gallery__item reveal-box\">\n\t\t    <img class=\"cover lazyload zoom-cursor\" src=\"https:\/\/www.rezidenciamlyn.sk\/wp-content\/uploads\/2020\/09\/20200527_145944.jpg\" data-zoomable alt=\"Image\" \/>\n\t\t    <span class=\"reveal-overlay\"><\/span>\n\t    <\/div>\n\n\t\t\t\t<\/div>\n\t\t\t\t<\/div>\n\t\t\t\t<div class=\"elementor-element elementor-element-11f15de elementor-widget elementor-widget-arcdeco-button-link\" data-id=\"11f15de\" data-element_type=\"widget\" data-widget_type=\"arcdeco-button-link.default\">\n\t\t\t\t<div class=\"elementor-widget-container\">\n\t\t\t\n        <!-- Button Link -->\n\t\t<a href=\"http:\/\/www.rezidenciamlyn.sk\/#galeria\" class=\"btn-link js-scroll-show\">Gal\u00e9ria<\/a>\n\t\t\t\t<\/div>\n\t\t\t\t<\/div>\n\t\t\t\t\t\t<\/div>\n\t\t\t\t\t<\/div>\n\t\t<\/div>\n\t\t\t\t\t\t\t\t<\/div>\n\t\t\t\t\t<\/div>\n\t\t<\/section>\n\t\t\t\t\t\t<\/div>\n\t\t\t\t\t<\/div>\n\t\t<\/div>\n\t\t\t\t\t\t\t\t<\/div>\n\t\t\t\t\t<\/div>\n\t\t<\/section>\n\t\t\t\t<section class=\"elementor-section elementor-top-section elementor-element elementor-element-32e69db elementor-section-full_width elementor-section-height-default elementor-section-height-default\" data-id=\"32e69db\" data-element_type=\"section\">\n\t\t\t\t\t\t<div class=\"elementor-container elementor-column-gap-no\">\n\t\t\t\t\t\t\t<div class=\"elementor-row\">\n\t\t\t\t\t<div class=\"elementor-column elementor-col-100 elementor-top-column elementor-element elementor-element-269000b\" data-id=\"269000b\" data-element_type=\"column\">\n\t\t\t<div class=\"elementor-column-wrap elementor-element-populated\">\n\t\t\t\t\t\t\t<div class=\"elementor-widget-wrap\">\n\t\t\t\t\t\t<section class=\"elementor-section elementor-inner-section elementor-element elementor-element-e5dc19b elementor-section-boxed elementor-section-height-default elementor-section-height-default\" data-id=\"e5dc19b\" data-element_type=\"section\">\n\t\t\t\t\t\t<div class=\"elementor-container elementor-column-gap-no\">\n\t\t\t\t\t\t\t<div class=\"elementor-row\">\n\t\t\t\t\t<div class=\"elementor-column elementor-col-100 elementor-inner-column elementor-element elementor-element-7339bb6\" data-id=\"7339bb6\" data-element_type=\"column\">\n\t\t\t<div class=\"elementor-column-wrap elementor-element-populated\">\n\t\t\t\t\t\t\t<div class=\"elementor-widget-wrap\">\n\t\t\t\t\t\t<div class=\"elementor-element elementor-element-3220eec elementor-widget__width-initial elementor-align-left elementor-widget elementor-widget-arcdeco-about-headings\" data-id=\"3220eec\" data-element_type=\"widget\" data-widget_type=\"arcdeco-about-headings.default\">\n\t\t\t\t<div class=\"elementor-widget-container\">\n\t\t\t\n        <!-- Heading -->\n\t\t<div class=\"container section-about\">\n\t\t\t\t\t    <span class=\"text-rotate\">\n\t\t    \t<span >Exteri\u00e9r<\/span>\n\t\t    <\/span>\n\t\t\t\t\t\t<div class=\"row\">\n\t\t\t\t<div class=\"col-12\">\n\t\t\t    \t\t\t\t\t    <h2 class=\"title title--h1 js-lines\">\n\t\t\t\t    \t<span >Exteri\u00e9r<\/span>\n\t\t\t\t    <\/h2>\n\t\t\t\t    \t\t\t\t    \t\t\t\t    <div class=\"description js-scroll-show\">\n\t\t\t\t\t    <div ><p>Vstup na pozemok ako aj klemba lemuj\u00faca pr\u00edstup na terasu s\u00fa kr\u00e1snymi bodmi ktor\u00e9 osvie\u017euj\u00fa cel\u00fa stavbu.<\/p><\/div>\n\t\t\t\t    <\/div>\n\t\t\t\t    \t\t\t\t<\/div>\n\t\t\t<\/div>\n\t\t<\/div>\n\t\t\t\t<\/div>\n\t\t\t\t<\/div>\n\t\t\t\t\t\t<\/div>\n\t\t\t\t\t<\/div>\n\t\t<\/div>\n\t\t\t\t\t\t\t\t<\/div>\n\t\t\t\t\t<\/div>\n\t\t<\/section>\n\t\t\t\t<section class=\"elementor-section elementor-inner-section elementor-element elementor-element-806c66f elementor-section-full_width elementor-section-height-default elementor-section-height-default\" data-id=\"806c66f\" data-element_type=\"section\">\n\t\t\t\t\t\t<div class=\"elementor-container elementor-column-gap-no\">\n\t\t\t\t\t\t\t<div class=\"elementor-row\">\n\t\t\t\t\t<div class=\"elementor-column elementor-col-100 elementor-inner-column elementor-element elementor-element-238868d\" data-id=\"238868d\" data-element_type=\"column\">\n\t\t\t<div class=\"elementor-column-wrap elementor-element-populated\">\n\t\t\t\t\t\t\t<div class=\"elementor-widget-wrap\">\n\t\t\t\t\t\t<div class=\"elementor-element elementor-element-e51c83c elementor-widget elementor-widget-arcdeco-projects-carousel\" data-id=\"e51c83c\" data-element_type=\"widget\" data-widget_type=\"arcdeco-projects-carousel.default\">\n\t\t\t\t<div class=\"elementor-widget-container\">\n\t\t\t\n\t\t<!-- Slider -->\n\t\t<div class=\"project-slider project-slider-control-horizon swiper-container cursorDrag\">\n                        <div class=\"swiper-wrapper\">\n\t\t\t    \t\t\t    <!-- Item -->\n\t\t\t    <figure class=\"project-slider__item swiper-slide\">\n\t\t\t\t    <div class=\"reveal-box\">\n\t\t\t\t    \t\t\t\t\t\t    <a href=\"\">\n\t\t\t\t\t\t    <img class=\"cover lazyload\" src=\"https:\/\/www.rezidenciamlyn.sk\/wp-content\/uploads\/2020\/09\/20200527_144615-1920x1080.jpg\" alt=\"Case #1\" \/>\n\t\t\t\t\t\t<\/a>\n\t\t\t\t\t    <span class=\"reveal-overlay\"><\/span>\n\t\t\t\t\t<\/div>\n\t\t\t\t<\/figure>\n\t\t\t    <!-- \/Item -->\n\t\t\t\t\t\t\t    <!-- Item -->\n\t\t\t    <figure class=\"project-slider__item swiper-slide\">\n\t\t\t\t    <div class=\"reveal-box\">\n\t\t\t\t    \t\t\t\t\t\t    <a href=\"\">\n\t\t\t\t\t\t    <img class=\"cover lazyload\" src=\"https:\/\/www.rezidenciamlyn.sk\/wp-content\/uploads\/2020\/09\/20200527_145657-1920x1080.jpg\" alt=\"Case #2\" \/>\n\t\t\t\t\t\t<\/a>\n\t\t\t\t\t    <span class=\"reveal-overlay\"><\/span>\n\t\t\t\t\t<\/div>\n\t\t\t\t<\/figure>\n\t\t\t    <!-- \/Item -->\n\t\t\t\t\t\t\t    <!-- Item -->\n\t\t\t    <figure class=\"project-slider__item swiper-slide\">\n\t\t\t\t    <div class=\"reveal-box\">\n\t\t\t\t    \t\t\t\t\t\t    <a href=\"\">\n\t\t\t\t\t\t    <img class=\"cover lazyload\" src=\"https:\/\/www.rezidenciamlyn.sk\/wp-content\/uploads\/2020\/09\/20200527_145950-1920x1080.jpg\" alt=\"Case #3\" \/>\n\t\t\t\t\t\t<\/a>\n\t\t\t\t\t    <span class=\"reveal-overlay\"><\/span>\n\t\t\t\t\t<\/div>\n\t\t\t\t<\/figure>\n\t\t\t    <!-- \/Item -->\n\t\t\t\t\t\t\t    <!-- Item -->\n\t\t\t    <figure class=\"project-slider__item swiper-slide\">\n\t\t\t\t    <div class=\"reveal-box\">\n\t\t\t\t    \t\t\t\t\t\t    <a href=\"\">\n\t\t\t\t\t\t    <img class=\"cover lazyload\" src=\"https:\/\/www.rezidenciamlyn.sk\/wp-content\/uploads\/2020\/09\/20200527_151422.jpg\" alt=\"Case #4\" \/>\n\t\t\t\t\t\t<\/a>\n\t\t\t\t\t    <span class=\"reveal-overlay\"><\/span>\n\t\t\t\t\t<\/div>\n\t\t\t\t<\/figure>\n\t\t\t    <!-- \/Item -->\n\t\t\t\t\t\t\t    <!-- Item -->\n\t\t\t    <figure class=\"project-slider__item swiper-slide\">\n\t\t\t\t    <div class=\"reveal-box\">\n\t\t\t\t    \t\t\t\t\t\t    <a href=\"\">\n\t\t\t\t\t\t    <img class=\"cover lazyload\" src=\"https:\/\/www.rezidenciamlyn.sk\/wp-content\/uploads\/2020\/09\/20200527_151118.jpg\" alt=\"Case #5\" \/>\n\t\t\t\t\t\t<\/a>\n\t\t\t\t\t    <span class=\"reveal-overlay\"><\/span>\n\t\t\t\t\t<\/div>\n\t\t\t\t<\/figure>\n\t\t\t    <!-- \/Item -->\n\t\t\t\t\t\t    <\/div>\n\t\t\t\n\t\t\t<!-- Control -->\n\t\t    <div class=\"slider__control slider__control__control-horizon\">\n\t\t\t    <div class=\"slider-pagination-progressbar slider-pagination-progressbar-horizon\"><\/div>\n\t\t    <\/div>\n\t\t    \t\t<\/div>\n\n\t\t\t\t<\/div>\n\t\t\t\t<\/div>\n\t\t\t\t\t\t<\/div>\n\t\t\t\t\t<\/div>\n\t\t<\/div>\n\t\t\t\t\t\t\t\t<\/div>\n\t\t\t\t\t<\/div>\n\t\t<\/section>\n\t\t\t\t\t\t<\/div>\n\t\t\t\t\t<\/div>\n\t\t<\/div>\n\t\t\t\t\t\t\t\t<\/div>\n\t\t\t\t\t<\/div>\n\t\t<\/section>\n\t\t\t\t<section class=\"elementor-section elementor-top-section elementor-element elementor-element-3f056f6 elementor-section-full_width elementor-section-height-default elementor-section-height-default\" data-id=\"3f056f6\" data-element_type=\"section\">\n\t\t\t\t\t\t<div class=\"elementor-container elementor-column-gap-no\">\n\t\t\t\t\t\t\t<div class=\"elementor-row\">\n\t\t\t\t\t<div class=\"elementor-column elementor-col-100 elementor-top-column elementor-element elementor-element-7400432\" data-id=\"7400432\" data-element_type=\"column\">\n\t\t\t<div class=\"elementor-column-wrap elementor-element-populated\">\n\t\t\t\t\t\t\t<div class=\"elementor-widget-wrap\">\n\t\t\t\t\t\t<section class=\"elementor-section elementor-inner-section elementor-element elementor-element-213f32d elementor-section-boxed elementor-section-height-default elementor-section-height-default\" data-id=\"213f32d\" data-element_type=\"section\">\n\t\t\t\t\t\t<div class=\"elementor-container elementor-column-gap-no\">\n\t\t\t\t\t\t\t<div class=\"elementor-row\">\n\t\t\t\t\t<div class=\"elementor-column elementor-col-100 elementor-inner-column elementor-element elementor-element-fd93135\" data-id=\"fd93135\" data-element_type=\"column\">\n\t\t\t<div class=\"elementor-column-wrap elementor-element-populated\">\n\t\t\t\t\t\t\t<div class=\"elementor-widget-wrap\">\n\t\t\t\t\t\t<div class=\"elementor-element elementor-element-d881b05 elementor-widget__width-initial elementor-align-left elementor-widget elementor-widget-arcdeco-about-headings\" data-id=\"d881b05\" data-element_type=\"widget\" data-widget_type=\"arcdeco-about-headings.default\">\n\t\t\t\t<div class=\"elementor-widget-container\">\n\t\t\t\n        <!-- Heading -->\n\t\t<div class=\"container section-about\">\n\t\t\t\t\t    <span class=\"text-rotate\">\n\t\t    \t<span >Gal\u00e9ria<\/span>\n\t\t    <\/span>\n\t\t\t\t\t\t<div class=\"row\">\n\t\t\t\t<div class=\"col-12\">\n\t\t\t    \t\t\t\t\t    <h2 class=\"title title--h1 js-lines\">\n\t\t\t\t    \t<span >Gal\u00e9ria<\/span>\n\t\t\t\t    <\/h2>\n\t\t\t\t    \t\t\t\t    \t\t\t\t<\/div>\n\t\t\t<\/div>\n\t\t<\/div>\n\t\t\t\t<\/div>\n\t\t\t\t<\/div>\n\t\t\t\t<div class=\"elementor-element elementor-element-249b014 elementor-widget elementor-widget-menu-anchor\" data-id=\"249b014\" data-element_type=\"widget\" data-widget_type=\"menu-anchor.default\">\n\t\t\t\t<div class=\"elementor-widget-container\">\n\t\t\t\t\t<div id=\"galeria\" class=\"elementor-menu-anchor\"><\/div>\n\t\t\t\t<\/div>\n\t\t\t\t<\/div>\n\t\t\t\t\t\t<\/div>\n\t\t\t\t\t<\/div>\n\t\t<\/div>\n\t\t\t\t\t\t\t\t<\/div>\n\t\t\t\t\t<\/div>\n\t\t<\/section>\n\t\t\t\t<section class=\"elementor-section elementor-inner-section elementor-element elementor-element-8581bd9 elementor-section-full_width elementor-section-height-default elementor-section-height-default\" data-id=\"8581bd9\" data-element_type=\"section\">\n\t\t\t\t\t\t<div class=\"elementor-container elementor-column-gap-no\">\n\t\t\t\t\t\t\t<div class=\"elementor-row\">\n\t\t\t\t\t<div class=\"elementor-column elementor-col-50 elementor-inner-column elementor-element elementor-element-92ac609\" data-id=\"92ac609\" data-element_type=\"column\">\n\t\t\t<div class=\"elementor-column-wrap elementor-element-populated\">\n\t\t\t\t\t\t\t<div class=\"elementor-widget-wrap\">\n\t\t\t\t\t\t<div class=\"elementor-element elementor-element-4c0c8a1 elementor-widget elementor-widget-arcdeco-service\" data-id=\"4c0c8a1\" data-element_type=\"widget\" data-widget_type=\"arcdeco-service.default\">\n\t\t\t\t<div class=\"elementor-widget-container\">\n\t\t\t\t\t\n\t\t<!-- Item -->\n\t    <div class=\"services__item js-scroll-show overlay--45\">\n\t    \t\t    \t<a  href=\"http:\/\/www.rezidenciamlyn.sk\/?page_id=431\" class=\"zoom-cursor\">\n\t    \t\t    \t\t\t    <div class=\"services__item-bg js-image\" data-image=\"http:\/\/www.rezidenciamlyn.sk\/wp-content\/uploads\/2020\/09\/20200527_152905.jpg\"><\/div>\n\t\t                <div class=\"services__item-details\">\n            \t\t\t\t    <h4 class=\"title title--h3 js-lines\">\n\t\t\t    \t<span >Interi\u00e9r<\/span>\n\t\t\t    <\/h4>\n\t\t\t\t\t\t\t\t\t\t\t\t<p class=\"description js-lines\">\n\t\t\t\t\t<span >Prezrite si gal\u00e9riu fotografi\u00ed interi\u00e9ru<\/span>\n\t\t\t\t<\/p>\n\t\t\t\t\t\t\t<\/div>\n\t\t\t\t\t\t<\/a>\n\t\t\t\t\t<\/div>\n\t\t\n\t\t\t\t<\/div>\n\t\t\t\t<\/div>\n\t\t\t\t\t\t<\/div>\n\t\t\t\t\t<\/div>\n\t\t<\/div>\n\t\t\t\t<div class=\"elementor-column elementor-col-50 elementor-inner-column elementor-element elementor-element-88f2333\" data-id=\"88f2333\" data-element_type=\"column\">\n\t\t\t<div class=\"elementor-column-wrap elementor-element-populated\">\n\t\t\t\t\t\t\t<div class=\"elementor-widget-wrap\">\n\t\t\t\t\t\t<div class=\"elementor-element elementor-element-39d9b9d elementor-widget elementor-widget-arcdeco-service\" data-id=\"39d9b9d\" data-element_type=\"widget\" data-widget_type=\"arcdeco-service.default\">\n\t\t\t\t<div class=\"elementor-widget-container\">\n\t\t\t\t\t\n\t\t<!-- Item -->\n\t    <div class=\"services__item js-scroll-show overlay--45\">\n\t    \t\t    \t<a  href=\"http:\/\/www.rezidenciamlyn.sk\/?page_id=491\" class=\"zoom-cursor\">\n\t    \t\t    \t\t\t    <div class=\"services__item-bg js-image\" data-image=\"http:\/\/www.rezidenciamlyn.sk\/wp-content\/uploads\/2020\/09\/20200527_144526.jpg\"><\/div>\n\t\t                <div class=\"services__item-details\">\n            \t\t\t\t    <h4 class=\"title title--h3 js-lines\">\n\t\t\t    \t<span >Exteri\u00e9r<\/span>\n\t\t\t    <\/h4>\n\t\t\t\t\t\t\t\t\t\t\t\t<p class=\"description js-lines\">\n\t\t\t\t\t<span >Prezrite si gal\u00e9riu fotografi\u00ed exteri\u00e9ru<\/span>\n\t\t\t\t<\/p>\n\t\t\t\t\t\t\t<\/div>\n\t\t\t\t\t\t<\/a>\n\t\t\t\t\t<\/div>\n\t\t\n\t\t\t\t<\/div>\n\t\t\t\t<\/div>\n\t\t\t\t\t\t<\/div>\n\t\t\t\t\t<\/div>\n\t\t<\/div>\n\t\t\t\t\t\t\t\t<\/div>\n\t\t\t\t\t<\/div>\n\t\t<\/section>\n\t\t\t\t\t\t<\/div>\n\t\t\t\t\t<\/div>\n\t\t<\/div>\n\t\t\t\t\t\t\t\t<\/div>\n\t\t\t\t\t<\/div>\n\t\t<\/section>\n\t\t\t\t<section class=\"elementor-section elementor-top-section elementor-element elementor-element-d38c7d2 elementor-section-boxed elementor-section-height-default elementor-section-height-default\" data-id=\"d38c7d2\" data-element_type=\"section\">\n\t\t\t\t\t\t<div class=\"elementor-container elementor-column-gap-no\">\n\t\t\t\t\t\t\t<div class=\"elementor-row\">\n\t\t\t\t\t<div class=\"elementor-column elementor-col-100 elementor-top-column elementor-element elementor-element-e51baa4\" data-id=\"e51baa4\" data-element_type=\"column\">\n\t\t\t<div class=\"elementor-column-wrap\">\n\t\t\t\t\t\t\t<div class=\"elementor-widget-wrap\">\n\t\t\t\t\t\t\t\t<\/div>\n\t\t\t\t\t<\/div>\n\t\t<\/div>\n\t\t\t\t\t\t\t\t<\/div>\n\t\t\t\t\t<\/div>\n\t\t<\/section>\n\t\t\t\t\t\t<\/div>\n\t\t\t\t\t\t<\/div>\n\t\t\t\t\t<\/div>\n\t\t","protected":false},"excerpt":{"rendered":"<p>Luxusn\u00e1elegancia. Rezidencia Mlyn &#8211; Partiz\u00e1nske Luxusn\u00e1 rezidencia na predaj. Cena: 460.000,-\u20ac REZIDENCIA MLYN Poku\u0161enie \u017eivota v luxuse je re\u00e1lne. Nechceme ho odklada\u0165 na \u017eivot po smrti. Radi by sme ho za\u017eili u\u017e tu. Luxusn\u00fd dom pre toho najn\u00e1ro\u010dnej\u0161ieho z\u00e1kazn\u00edka. V\u0161etky materi\u00e1ly pou\u017eit\u00e9 pri prer\u00e1bke&#8230; <\/p>\n<div><a href=\"https:\/\/www.rezidenciamlyn.sk\/\" class=\"btn-link\">READ MORE<\/a><\/div>\n","protected":false},"author":1,"featured_media":0,"parent":0,"menu_order":0,"comment_status":"closed","ping_status":"closed","template":"template-layout-builder.php","meta":[],"_links":{"self":[{"href":"https:\/\/www.rezidenciamlyn.sk\/index.php?rest_route=\/wp\/v2\/pages\/22"}],"collection":[{"href":"https:\/\/www.rezidenciamlyn.sk\/index.php?rest_route=\/wp\/v2\/pages"}],"about":[{"href":"https:\/\/www.rezidenciamlyn.sk\/index.php?rest_route=\/wp\/v2\/types\/page"}],"author":[{"embeddable":true,"href":"https:\/\/www.rezidenciamlyn.sk\/index.php?rest_route=\/wp\/v2\/users\/1"}],"replies":[{"embeddable":true,"href":"https:\/\/www.rezidenciamlyn.sk\/index.php?rest_route=%2Fwp%2Fv2%2Fcomments&post=22"}],"version-history":[{"count":13,"href":"https:\/\/www.rezidenciamlyn.sk\/index.php?rest_route=\/wp\/v2\/pages\/22\/revisions"}],"predecessor-version":[{"id":519,"href":"https:\/\/www.rezidenciamlyn.sk\/index.php?rest_route=\/wp\/v2\/pages\/22\/revisions\/519"}],"wp:attachment":[{"href":"https:\/\/www.rezidenciamlyn.sk\/index.php?rest_route=%2Fwp%2Fv2%2Fmedia&parent=22"}],"curies":[{"name":"wp","href":"https:\/\/api.w.org\/{rel}","templated":true}]}}